{"id":1372,"date":"2025-01-02T14:17:30","date_gmt":"2025-01-02T13:17:30","guid":{"rendered":"https:\/\/acelektrotechnik.de\/elektriker-kitzingen\/?page_id=1372"},"modified":"2026-02-01T21:30:32","modified_gmt":"2026-02-01T20:30:32","slug":"batteriespeicher-fuer-photovoltaikanlagen","status":"publish","type":"page","link":"https:\/\/acelektrotechnik.de\/elektriker-kitzingen\/batteriespeicher-fuer-photovoltaikanlagen\/","title":{"rendered":"Batteriespeicher f\u00fcr PV-Anlagen"},"content":{"rendered":"\t\t<div data-elementor-type=\"wp-page\" data-elementor-id=\"1372\" class=\"elementor elementor-1372\" data-elementor-post-type=\"page\">\n\t\t\t\t\t\t<section class=\"elementor-section elementor-top-section elementor-element elementor-element-28b8dde elementor-section-boxed elementor-section-height-default elementor-section-height-default\" data-id=\"28b8dde\" data-element_type=\"section\">\n\t\t\t\t\t\t<div class=\"elementor-container elementor-column-gap-default\">\n\t\t\t\t\t<div class=\"elementor-column elementor-col-100 elementor-top-column elementor-element elementor-element-e27a4bc\" data-id=\"e27a4bc\" data-element_type=\"column\">\n\t\t\t<div class=\"elementor-widget-wrap elementor-element-populated\">\n\t\t\t\t\t\t<div class=\"elementor-element elementor-element-b01e828 elementor-widget elementor-widget-heading\" data-id=\"b01e828\" data-element_type=\"widget\" data-widget_type=\"heading.default\">\n\t\t\t\t<div class=\"elementor-widget-container\">\n\t\t\t\t\t<h2 class=\"elementor-heading-title elementor-size-default\">Batteriespeicher f\u00fcr Photovoltaikanlagen<\/h2>\t\t\t\t<\/div>\n\t\t\t\t<\/div>\n\t\t\t\t<div class=\"elementor-element elementor-element-c55019a elementor-widget elementor-widget-heading\" data-id=\"c55019a\" data-element_type=\"widget\" data-widget_type=\"heading.default\">\n\t\t\t\t<div class=\"elementor-widget-container\">\n\t\t\t\t\t<h2 class=\"elementor-heading-title elementor-size-default\">Maximaler Strom-Eigenverbrauch<\/h2>\t\t\t\t<\/div>\n\t\t\t\t<\/div>\n\t\t\t\t\t<\/div>\n\t\t<\/div>\n\t\t\t\t\t<\/div>\n\t\t<\/section>\n\t\t\t\t<section class=\"elementor-section elementor-top-section elementor-element elementor-element-a03ea68 elementor-section-boxed elementor-section-height-default elementor-section-height-default\" data-id=\"a03ea68\" data-element_type=\"section\">\n\t\t\t\t\t\t<div class=\"elementor-container elementor-column-gap-default\">\n\t\t\t\t\t<div class=\"elementor-column elementor-col-100 elementor-top-column elementor-element elementor-element-4168a83\" data-id=\"4168a83\" data-element_type=\"column\">\n\t\t\t<div class=\"elementor-widget-wrap elementor-element-populated\">\n\t\t\t\t\t\t<div class=\"elementor-element elementor-element-8f91648 elementor-widget elementor-widget-text-editor\" data-id=\"8f91648\" data-element_type=\"widget\" data-widget_type=\"text-editor.default\">\n\t\t\t\t<div class=\"elementor-widget-container\">\n\t\t\t\t\t\t\t\t\t<p><span style=\"font-weight: 400;\">Ein <\/span><b>Batteriespeicher<\/b><span style=\"font-weight: 400;\"> ist die perfekte Erg\u00e4nzung zu Ihrer <\/span><b>Photovoltaikanlage<\/b><span style=\"font-weight: 400;\">. Er erm\u00f6glicht es Ihnen, \u00fcbersch\u00fcssigen Solarstrom zu speichern und ihn zu nutzen, wenn die Sonne nicht scheint \u2013 etwa in den Abendstunden oder nachts. Mit AC Elektrotechnik, Ihrem Experten in Kitzingen, profitieren Sie von individuell abgestimmten Speicherl\u00f6sungen, die Ihre Unabh\u00e4ngigkeit und Effizienz maximieren.<\/span><\/p>\t\t\t\t\t\t\t\t<\/div>\n\t\t\t\t<\/div>\n\t\t\t\t\t<\/div>\n\t\t<\/div>\n\t\t\t\t\t<\/div>\n\t\t<\/section>\n\t\t\t\t<section class=\"elementor-section elementor-top-section elementor-element elementor-element-5eff0d9 elementor-section-boxed elementor-section-height-default elementor-section-height-default\" data-id=\"5eff0d9\" data-element_type=\"section\">\n\t\t\t\t\t\t<div class=\"elementor-container elementor-column-gap-default\">\n\t\t\t\t\t<div class=\"elementor-column elementor-col-100 elementor-top-column elementor-element elementor-element-3b091d4\" data-id=\"3b091d4\" data-element_type=\"column\">\n\t\t\t<div class=\"elementor-widget-wrap elementor-element-populated\">\n\t\t\t\t\t\t<div class=\"elementor-element elementor-element-f50186e elementor-widget elementor-widget-heading\" data-id=\"f50186e\" data-element_type=\"widget\" data-widget_type=\"heading.default\">\n\t\t\t\t<div class=\"elementor-widget-container\">\n\t\t\t\t\t<h3 class=\"elementor-heading-title elementor-size-default\">Warum ein Batteriespeicher?<\/h3>\t\t\t\t<\/div>\n\t\t\t\t<\/div>\n\t\t\t\t<div class=\"elementor-element elementor-element-3cb9eec elementor-widget elementor-widget-text-editor\" data-id=\"3cb9eec\" data-element_type=\"widget\" data-widget_type=\"text-editor.default\">\n\t\t\t\t<div class=\"elementor-widget-container\">\n\t\t\t\t\t\t\t\t\t<ul><li style=\"font-weight: 400;\" aria-level=\"1\"><b>Maximierung des Eigenverbrauchs:<\/b><span style=\"font-weight: 400;\"> Nutzen Sie bis zu 80 % Ihres selbst erzeugten Stroms direkt.<\/span><\/li><li style=\"font-weight: 400;\" aria-level=\"1\"><b>Kostensenkung:<\/b><span style=\"font-weight: 400;\"> Reduzieren Sie Ihre Strombezugskosten und machen Sie sich unabh\u00e4ngiger von steigenden Strompreisen.<\/span><\/li><li style=\"font-weight: 400;\" aria-level=\"1\"><b>Nachhaltigkeit:<\/b><span style=\"font-weight: 400;\"> Optimieren Sie die Nutzung Ihrer erneuerbaren Energie und senken Sie Ihren CO\u2082-Aussto\u00df.<\/span><\/li><\/ul>\t\t\t\t\t\t\t\t<\/div>\n\t\t\t\t<\/div>\n\t\t\t\t<div class=\"elementor-element elementor-element-6649126 elementor-widget elementor-widget-heading\" data-id=\"6649126\" data-element_type=\"widget\" data-widget_type=\"heading.default\">\n\t\t\t\t<div class=\"elementor-widget-container\">\n\t\t\t\t\t<h3 class=\"elementor-heading-title elementor-size-default\">Unsere Speicherl\u00f6sungen f\u00fcr Ihre PV-Anlage\n<\/h3>\t\t\t\t<\/div>\n\t\t\t\t<\/div>\n\t\t\t\t<div class=\"elementor-element elementor-element-ef8901d elementor-widget elementor-widget-text-editor\" data-id=\"ef8901d\" data-element_type=\"widget\" data-widget_type=\"text-editor.default\">\n\t\t\t\t<div class=\"elementor-widget-container\">\n\t\t\t\t\t\t\t\t\t<ol><li style=\"font-weight: 400;\" aria-level=\"1\"><b>Kapazit\u00e4tsplanung:<\/b><span style=\"font-weight: 400;\"> Wir helfen Ihnen, die richtige Speichergr\u00f6\u00dfe basierend auf Ihrem Energieverbrauch zu w\u00e4hlen.<\/span><\/li><li style=\"font-weight: 400;\" aria-level=\"1\"><b>Integration in bestehende Anlagen:<\/b><span style=\"font-weight: 400;\"> Egal, ob Sie schon eine Photovoltaikanlage besitzen oder diese neu installieren \u2013 wir binden den Batteriespeicher nahtlos ein.<\/span><\/li><li style=\"font-weight: 400;\" aria-level=\"1\"><b>Intelligente Steuerung:<\/b> Mit modernen Energiemanagementsystemen laden und entladen Sie Ihren Speicher effizient.<\/li><\/ol>\t\t\t\t\t\t\t\t<\/div>\n\t\t\t\t<\/div>\n\t\t\t\t<div class=\"elementor-element elementor-element-9d76754 elementor-widget elementor-widget-image\" data-id=\"9d76754\" data-element_type=\"widget\" data-widget_type=\"image.default\">\n\t\t\t\t<div class=\"elementor-widget-container\">\n\t\t\t\t\t\t\t\t\t\t\t\t\t\t\t<img fetchpriority=\"high\" decoding=\"async\" width=\"1536\" height=\"861\" src=\"https:\/\/acelektrotechnik.de\/wp-content\/uploads\/2025\/02\/AdobeStock_919040405-1536x861.jpeg\" class=\"attachment-1536x1536 size-1536x1536 wp-image-1693\" alt=\"\" srcset=\"https:\/\/acelektrotechnik.de\/wp-content\/uploads\/2025\/02\/AdobeStock_919040405-1536x861.jpeg 1536w, https:\/\/acelektrotechnik.de\/wp-content\/uploads\/2025\/02\/AdobeStock_919040405-300x168.jpeg 300w, https:\/\/acelektrotechnik.de\/wp-content\/uploads\/2025\/02\/AdobeStock_919040405-1024x574.jpeg 1024w, https:\/\/acelektrotechnik.de\/wp-content\/uploads\/2025\/02\/AdobeStock_919040405-768x430.jpeg 768w, https:\/\/acelektrotechnik.de\/wp-content\/uploads\/2025\/02\/AdobeStock_919040405-2048x1148.jpeg 2048w\" sizes=\"(max-width: 1536px) 100vw, 1536px\" \/>\t\t\t\t\t\t\t\t\t\t\t\t\t\t\t<\/div>\n\t\t\t\t<\/div>\n\t\t\t\t<div class=\"elementor-element elementor-element-d2859ac elementor-widget elementor-widget-heading\" data-id=\"d2859ac\" data-element_type=\"widget\" data-widget_type=\"heading.default\">\n\t\t\t\t<div class=\"elementor-widget-container\">\n\t\t\t\t\t<h3 class=\"elementor-heading-title elementor-size-default\">AC Elektrotechnik \u2013 Ihr Partner f\u00fcr PV-Anlagen mit Speicher<\/h3>\t\t\t\t<\/div>\n\t\t\t\t<\/div>\n\t\t\t\t<div class=\"elementor-element elementor-element-8ef4d8a elementor-widget elementor-widget-text-editor\" data-id=\"8ef4d8a\" data-element_type=\"widget\" data-widget_type=\"text-editor.default\">\n\t\t\t\t<div class=\"elementor-widget-container\">\n\t\t\t\t\t\t\t\t\t<p><span style=\"font-weight: 400;\">Wir begleiten Sie von der Beratung bis zur Installation und sorgen daf\u00fcr, dass Ihre PV-Anlage mit Speicher optimal funktioniert. Gerne beraten wir Sie auch zu F\u00f6rderprogrammen, die Ihre Investition noch attraktiver machen.<\/span><\/p><p><span style=\"font-weight: 400;\">Machen Sie Ihre Photovoltaikanlage noch leistungsf\u00e4higer \u2013 kontaktieren Sie <\/span><b>AC Elektrotechnik<\/b><span style=\"font-weight: 400;\"> in Kitzingen und erfahren Sie mehr \u00fcber Batteriespeicher!<\/span><\/p>\t\t\t\t\t\t\t\t<\/div>\n\t\t\t\t<\/div>\n\t\t\t\t<div class=\"elementor-element elementor-element-287a449 elementor-button-align-stretch elementor-widget elementor-widget-form\" data-id=\"287a449\" data-element_type=\"widget\" data-settings=\"{&quot;step_next_label&quot;:&quot;N\\u00e4chster&quot;,&quot;step_previous_label&quot;:&quot;Voriger&quot;,&quot;button_width&quot;:&quot;100&quot;,&quot;step_type&quot;:&quot;number_text&quot;,&quot;step_icon_shape&quot;:&quot;circle&quot;}\" data-widget_type=\"form.default\">\n\t\t\t\t<div class=\"elementor-widget-container\">\n\t\t\t\t\t\t\t<form class=\"elementor-form\" method=\"post\" name=\"Neues Formular\">\n\t\t\t<input type=\"hidden\" name=\"post_id\" value=\"1372\"\/>\n\t\t\t<input type=\"hidden\" name=\"form_id\" value=\"287a449\"\/>\n\t\t\t<input type=\"hidden\" name=\"referer_title\" value=\"AC Elektrotechnik\" \/>\n\n\t\t\t\n\t\t\t<div class=\"elementor-form-fields-wrapper elementor-labels-above\">\n\t\t\t\t\t\t\t\t<div class=\"elementor-field-type-text elementor-field-group elementor-column elementor-field-group-name elementor-col-100\">\n\t\t\t\t\t\t\t\t\t\t\t\t<label for=\"form-field-name\" class=\"elementor-field-label\">\n\t\t\t\t\t\t\t\tName\t\t\t\t\t\t\t<\/label>\n\t\t\t\t\t\t\t\t\t\t\t\t\t\t<input size=\"1\" type=\"text\" name=\"form_fields[name]\" id=\"form-field-name\" class=\"elementor-field elementor-size-sm  elementor-field-textual\" placeholder=\"Name\">\n\t\t\t\t\t\t\t\t\t\t\t<\/div>\n\t\t\t\t\t\t\t\t<div class=\"elementor-field-type-email elementor-field-group elementor-column elementor-field-group-email elementor-col-100 elementor-field-required\">\n\t\t\t\t\t\t\t\t\t\t\t\t<label for=\"form-field-email\" class=\"elementor-field-label\">\n\t\t\t\t\t\t\t\tE-Mail\t\t\t\t\t\t\t<\/label>\n\t\t\t\t\t\t\t\t\t\t\t\t\t\t<input size=\"1\" type=\"email\" name=\"form_fields[email]\" id=\"form-field-email\" class=\"elementor-field elementor-size-sm  elementor-field-textual\" placeholder=\"E-Mail\" required=\"required\">\n\t\t\t\t\t\t\t\t\t\t\t<\/div>\n\t\t\t\t\t\t\t\t<div class=\"elementor-field-type-textarea elementor-field-group elementor-column elementor-field-group-message elementor-col-100\">\n\t\t\t\t\t\t\t\t\t\t\t\t<label for=\"form-field-message\" class=\"elementor-field-label\">\n\t\t\t\t\t\t\t\tNachricht\t\t\t\t\t\t\t<\/label>\n\t\t\t\t\t\t<textarea class=\"elementor-field-textual elementor-field  elementor-size-sm\" name=\"form_fields[message]\" id=\"form-field-message\" rows=\"4\" placeholder=\"Nachricht\"><\/textarea>\t\t\t\t<\/div>\n\t\t\t\t\t\t\t\t<div class=\"elementor-field-type-recaptcha_v3 elementor-field-group elementor-column elementor-field-group-field_eefa92d elementor-col-100 recaptcha_v3-bottomright\">\n\t\t\t\t\t<div class=\"elementor-field\" id=\"form-field-field_eefa92d\"><div class=\"elementor-g-recaptcha\" data-sitekey=\"6LfgcFwsAAAAAMDXRU-qkRR7HbGRprmPCt5KlWDI\" data-type=\"v3\" data-action=\"Form\" data-badge=\"bottomright\" data-size=\"invisible\"><\/div><\/div>\t\t\t\t<\/div>\n\t\t\t\t\t\t\t\t<div class=\"elementor-field-group elementor-column elementor-field-type-submit elementor-col-100 e-form__buttons\">\n\t\t\t\t\t<button class=\"elementor-button elementor-size-sm\" type=\"submit\">\n\t\t\t\t\t\t<span class=\"elementor-button-content-wrapper\">\n\t\t\t\t\t\t\t\t\t\t\t\t\t\t\t\t\t\t\t\t\t\t<span class=\"elementor-button-text\">Senden<\/span>\n\t\t\t\t\t\t\t\t\t\t\t\t\t<\/span>\n\t\t\t\t\t<\/button>\n\t\t\t\t<\/div>\n\t\t\t<\/div>\n\t\t<\/form>\n\t\t\t\t\t\t<\/div>\n\t\t\t\t<\/div>\n\t\t\t\t\t<\/div>\n\t\t<\/div>\n\t\t\t\t\t<\/div>\n\t\t<\/section>\n\t\t\t\t<\/div>\n\t\t","protected":false},"excerpt":{"rendered":"<p>Batteriespeicher f\u00fcr Photovoltaikanlagen Maximaler Strom-Eigenverbrauch Ein Batteriespeicher ist die perfekte Erg\u00e4nzung zu Ihrer Photovoltaikanlage. Er erm\u00f6glicht es Ihnen, \u00fcbersch\u00fcssigen Solarstrom zu speichern und ihn zu nutzen, wenn die Sonne nicht scheint \u2013 etwa in den Abendstunden oder nachts. Mit AC Elektrotechnik, Ihrem Experten in Kitzingen, profitieren Sie von individuell abgestimmten Speicherl\u00f6sungen, die Ihre Unabh\u00e4ngigkeit und [&hellip;]<\/p>\n","protected":false},"author":2,"featured_media":0,"parent":0,"menu_order":0,"comment_status":"closed","ping_status":"closed","template":"","meta":{"footnotes":""},"class_list":["post-1372","page","type-page","status-publish","hentry"],"yoast_head":"<!-- This site is optimized with the Yoast SEO plugin v24.4 - https:\/\/yoast.com\/wordpress\/plugins\/seo\/ -->\n<title>Batteriespeicher f\u00fcr Photovoltaikanlagen \u2013 AC Elektrotechnik<\/title>\n<meta name=\"description\" content=\"Speichern Sie Ihren Solarstrom effizient mit einem Batteriespeicher. AC Elektrotechnik sorgt f\u00fcr eine optimale Integration in Ihre Photovoltaikanlage. Maximieren Sie Ihre Eigenstromnutzung und senken Sie Ihre Energiekosten!\" \/>\n<meta name=\"robots\" content=\"index, follow, max-snippet:-1, max-image-preview:large, max-video-preview:-1\" \/>\n<link rel=\"canonical\" href=\"https:\/\/acelektrotechnik.de\/elektriker-kitzingen\/batteriespeicher-fuer-photovoltaikanlagen\/\" \/>\n<meta property=\"og:locale\" content=\"de_DE\" \/>\n<meta property=\"og:type\" content=\"article\" \/>\n<meta property=\"og:title\" content=\"Batteriespeicher f\u00fcr Photovoltaikanlagen \u2013 AC Elektrotechnik\" \/>\n<meta property=\"og:description\" content=\"Speichern Sie Ihren Solarstrom effizient mit einem Batteriespeicher. AC Elektrotechnik sorgt f\u00fcr eine optimale Integration in Ihre Photovoltaikanlage. Maximieren Sie Ihre Eigenstromnutzung und senken Sie Ihre Energiekosten!\" \/>\n<meta property=\"og:url\" content=\"https:\/\/acelektrotechnik.de\/elektriker-kitzingen\/batteriespeicher-fuer-photovoltaikanlagen\/\" \/>\n<meta property=\"og:site_name\" content=\"AC Elektrotechnik\" \/>\n<meta property=\"article:modified_time\" content=\"2026-02-01T20:30:32+00:00\" \/>\n<meta property=\"og:image\" content=\"https:\/\/acelektrotechnik.de\/wp-content\/uploads\/2025\/02\/AdobeStock_919040405-scaled.jpeg\" \/>\n\t<meta property=\"og:image:width\" content=\"2560\" \/>\n\t<meta property=\"og:image:height\" content=\"1435\" \/>\n\t<meta property=\"og:image:type\" content=\"image\/jpeg\" \/>\n<meta name=\"twitter:card\" content=\"summary_large_image\" \/>\n<meta name=\"twitter:label1\" content=\"Gesch\u00e4tzte Lesezeit\" \/>\n\t<meta name=\"twitter:data1\" content=\"2\u00a0Minuten\" \/>\n<script type=\"application\/ld+json\" class=\"yoast-schema-graph\">{\"@context\":\"https:\/\/schema.org\",\"@graph\":[{\"@type\":\"WebPage\",\"@id\":\"https:\/\/acelektrotechnik.de\/elektriker-kitzingen\/batteriespeicher-fuer-photovoltaikanlagen\/\",\"url\":\"https:\/\/acelektrotechnik.de\/elektriker-kitzingen\/batteriespeicher-fuer-photovoltaikanlagen\/\",\"name\":\"Batteriespeicher f\u00fcr Photovoltaikanlagen \u2013 AC Elektrotechnik\",\"isPartOf\":{\"@id\":\"https:\/\/acelektrotechnik.de\/elektriker-kitzingen\/#website\"},\"primaryImageOfPage\":{\"@id\":\"https:\/\/acelektrotechnik.de\/elektriker-kitzingen\/batteriespeicher-fuer-photovoltaikanlagen\/#primaryimage\"},\"image\":{\"@id\":\"https:\/\/acelektrotechnik.de\/elektriker-kitzingen\/batteriespeicher-fuer-photovoltaikanlagen\/#primaryimage\"},\"thumbnailUrl\":\"https:\/\/acelektrotechnik.de\/wp-content\/uploads\/2025\/02\/AdobeStock_919040405-1536x861.jpeg\",\"datePublished\":\"2025-01-02T13:17:30+00:00\",\"dateModified\":\"2026-02-01T20:30:32+00:00\",\"description\":\"Speichern Sie Ihren Solarstrom effizient mit einem Batteriespeicher. AC Elektrotechnik sorgt f\u00fcr eine optimale Integration in Ihre Photovoltaikanlage. Maximieren Sie Ihre Eigenstromnutzung und senken Sie Ihre Energiekosten!\",\"breadcrumb\":{\"@id\":\"https:\/\/acelektrotechnik.de\/elektriker-kitzingen\/batteriespeicher-fuer-photovoltaikanlagen\/#breadcrumb\"},\"inLanguage\":\"de\",\"potentialAction\":[{\"@type\":\"ReadAction\",\"target\":[\"https:\/\/acelektrotechnik.de\/elektriker-kitzingen\/batteriespeicher-fuer-photovoltaikanlagen\/\"]}]},{\"@type\":\"ImageObject\",\"inLanguage\":\"de\",\"@id\":\"https:\/\/acelektrotechnik.de\/elektriker-kitzingen\/batteriespeicher-fuer-photovoltaikanlagen\/#primaryimage\",\"url\":\"https:\/\/acelektrotechnik.de\/wp-content\/uploads\/2025\/02\/AdobeStock_919040405-1536x861.jpeg\",\"contentUrl\":\"https:\/\/acelektrotechnik.de\/wp-content\/uploads\/2025\/02\/AdobeStock_919040405-1536x861.jpeg\"},{\"@type\":\"BreadcrumbList\",\"@id\":\"https:\/\/acelektrotechnik.de\/elektriker-kitzingen\/batteriespeicher-fuer-photovoltaikanlagen\/#breadcrumb\",\"itemListElement\":[{\"@type\":\"ListItem\",\"position\":1,\"name\":\"Startseite\",\"item\":\"https:\/\/acelektrotechnik.de\/elektriker-kitzingen\/\"},{\"@type\":\"ListItem\",\"position\":2,\"name\":\"Batteriespeicher f\u00fcr PV-Anlagen\"}]},{\"@type\":\"WebSite\",\"@id\":\"https:\/\/acelektrotechnik.de\/elektriker-kitzingen\/#website\",\"url\":\"https:\/\/acelektrotechnik.de\/elektriker-kitzingen\/\",\"name\":\"AC Elektrotechnik\",\"description\":\"Ihr Elektriker in und um Kitzingen.\",\"publisher\":{\"@id\":\"https:\/\/acelektrotechnik.de\/elektriker-kitzingen\/#organization\"},\"potentialAction\":[{\"@type\":\"SearchAction\",\"target\":{\"@type\":\"EntryPoint\",\"urlTemplate\":\"https:\/\/acelektrotechnik.de\/elektriker-kitzingen\/?s={search_term_string}\"},\"query-input\":{\"@type\":\"PropertyValueSpecification\",\"valueRequired\":true,\"valueName\":\"search_term_string\"}}],\"inLanguage\":\"de\"},{\"@type\":\"Organization\",\"@id\":\"https:\/\/acelektrotechnik.de\/elektriker-kitzingen\/#organization\",\"name\":\"AC Elektrotechnik\",\"url\":\"https:\/\/acelektrotechnik.de\/elektriker-kitzingen\/\",\"logo\":{\"@type\":\"ImageObject\",\"inLanguage\":\"de\",\"@id\":\"https:\/\/acelektrotechnik.de\/elektriker-kitzingen\/#\/schema\/logo\/image\/\",\"url\":\"http:\/\/acelektrotechnik.de\/wp-content\/uploads\/2020\/06\/AC-Elektro_Logo_hoch-3C.png\",\"contentUrl\":\"http:\/\/acelektrotechnik.de\/wp-content\/uploads\/2020\/06\/AC-Elektro_Logo_hoch-3C.png\",\"width\":510,\"height\":181,\"caption\":\"AC Elektrotechnik\"},\"image\":{\"@id\":\"https:\/\/acelektrotechnik.de\/elektriker-kitzingen\/#\/schema\/logo\/image\/\"}}]}<\/script>\n<!-- \/ Yoast SEO plugin. -->","yoast_head_json":{"title":"Batteriespeicher f\u00fcr Photovoltaikanlagen \u2013 AC Elektrotechnik","description":"Speichern Sie Ihren Solarstrom effizient mit einem Batteriespeicher. AC Elektrotechnik sorgt f\u00fcr eine optimale Integration in Ihre Photovoltaikanlage. Maximieren Sie Ihre Eigenstromnutzung und senken Sie Ihre Energiekosten!","robots":{"index":"index","follow":"follow","max-snippet":"max-snippet:-1","max-image-preview":"max-image-preview:large","max-video-preview":"max-video-preview:-1"},"canonical":"https:\/\/acelektrotechnik.de\/elektriker-kitzingen\/batteriespeicher-fuer-photovoltaikanlagen\/","og_locale":"de_DE","og_type":"article","og_title":"Batteriespeicher f\u00fcr Photovoltaikanlagen \u2013 AC Elektrotechnik","og_description":"Speichern Sie Ihren Solarstrom effizient mit einem Batteriespeicher. AC Elektrotechnik sorgt f\u00fcr eine optimale Integration in Ihre Photovoltaikanlage. Maximieren Sie Ihre Eigenstromnutzung und senken Sie Ihre Energiekosten!","og_url":"https:\/\/acelektrotechnik.de\/elektriker-kitzingen\/batteriespeicher-fuer-photovoltaikanlagen\/","og_site_name":"AC Elektrotechnik","article_modified_time":"2026-02-01T20:30:32+00:00","og_image":[{"width":2560,"height":1435,"url":"https:\/\/acelektrotechnik.de\/wp-content\/uploads\/2025\/02\/AdobeStock_919040405-scaled.jpeg","type":"image\/jpeg"}],"twitter_card":"summary_large_image","twitter_misc":{"Gesch\u00e4tzte Lesezeit":"2\u00a0Minuten"},"schema":{"@context":"https:\/\/schema.org","@graph":[{"@type":"WebPage","@id":"https:\/\/acelektrotechnik.de\/elektriker-kitzingen\/batteriespeicher-fuer-photovoltaikanlagen\/","url":"https:\/\/acelektrotechnik.de\/elektriker-kitzingen\/batteriespeicher-fuer-photovoltaikanlagen\/","name":"Batteriespeicher f\u00fcr Photovoltaikanlagen \u2013 AC Elektrotechnik","isPartOf":{"@id":"https:\/\/acelektrotechnik.de\/elektriker-kitzingen\/#website"},"primaryImageOfPage":{"@id":"https:\/\/acelektrotechnik.de\/elektriker-kitzingen\/batteriespeicher-fuer-photovoltaikanlagen\/#primaryimage"},"image":{"@id":"https:\/\/acelektrotechnik.de\/elektriker-kitzingen\/batteriespeicher-fuer-photovoltaikanlagen\/#primaryimage"},"thumbnailUrl":"https:\/\/acelektrotechnik.de\/wp-content\/uploads\/2025\/02\/AdobeStock_919040405-1536x861.jpeg","datePublished":"2025-01-02T13:17:30+00:00","dateModified":"2026-02-01T20:30:32+00:00","description":"Speichern Sie Ihren Solarstrom effizient mit einem Batteriespeicher. AC Elektrotechnik sorgt f\u00fcr eine optimale Integration in Ihre Photovoltaikanlage. Maximieren Sie Ihre Eigenstromnutzung und senken Sie Ihre Energiekosten!","breadcrumb":{"@id":"https:\/\/acelektrotechnik.de\/elektriker-kitzingen\/batteriespeicher-fuer-photovoltaikanlagen\/#breadcrumb"},"inLanguage":"de","potentialAction":[{"@type":"ReadAction","target":["https:\/\/acelektrotechnik.de\/elektriker-kitzingen\/batteriespeicher-fuer-photovoltaikanlagen\/"]}]},{"@type":"ImageObject","inLanguage":"de","@id":"https:\/\/acelektrotechnik.de\/elektriker-kitzingen\/batteriespeicher-fuer-photovoltaikanlagen\/#primaryimage","url":"https:\/\/acelektrotechnik.de\/wp-content\/uploads\/2025\/02\/AdobeStock_919040405-1536x861.jpeg","contentUrl":"https:\/\/acelektrotechnik.de\/wp-content\/uploads\/2025\/02\/AdobeStock_919040405-1536x861.jpeg"},{"@type":"BreadcrumbList","@id":"https:\/\/acelektrotechnik.de\/elektriker-kitzingen\/batteriespeicher-fuer-photovoltaikanlagen\/#breadcrumb","itemListElement":[{"@type":"ListItem","position":1,"name":"Startseite","item":"https:\/\/acelektrotechnik.de\/elektriker-kitzingen\/"},{"@type":"ListItem","position":2,"name":"Batteriespeicher f\u00fcr PV-Anlagen"}]},{"@type":"WebSite","@id":"https:\/\/acelektrotechnik.de\/elektriker-kitzingen\/#website","url":"https:\/\/acelektrotechnik.de\/elektriker-kitzingen\/","name":"AC Elektrotechnik","description":"Ihr Elektriker in und um Kitzingen.","publisher":{"@id":"https:\/\/acelektrotechnik.de\/elektriker-kitzingen\/#organization"},"potentialAction":[{"@type":"SearchAction","target":{"@type":"EntryPoint","urlTemplate":"https:\/\/acelektrotechnik.de\/elektriker-kitzingen\/?s={search_term_string}"},"query-input":{"@type":"PropertyValueSpecification","valueRequired":true,"valueName":"search_term_string"}}],"inLanguage":"de"},{"@type":"Organization","@id":"https:\/\/acelektrotechnik.de\/elektriker-kitzingen\/#organization","name":"AC Elektrotechnik","url":"https:\/\/acelektrotechnik.de\/elektriker-kitzingen\/","logo":{"@type":"ImageObject","inLanguage":"de","@id":"https:\/\/acelektrotechnik.de\/elektriker-kitzingen\/#\/schema\/logo\/image\/","url":"http:\/\/acelektrotechnik.de\/wp-content\/uploads\/2020\/06\/AC-Elektro_Logo_hoch-3C.png","contentUrl":"http:\/\/acelektrotechnik.de\/wp-content\/uploads\/2020\/06\/AC-Elektro_Logo_hoch-3C.png","width":510,"height":181,"caption":"AC Elektrotechnik"},"image":{"@id":"https:\/\/acelektrotechnik.de\/elektriker-kitzingen\/#\/schema\/logo\/image\/"}}]}},"_links":{"self":[{"href":"https:\/\/acelektrotechnik.de\/elektriker-kitzingen\/wp-json\/wp\/v2\/pages\/1372","targetHints":{"allow":["GET"]}}],"collection":[{"href":"https:\/\/acelektrotechnik.de\/elektriker-kitzingen\/wp-json\/wp\/v2\/pages"}],"about":[{"href":"https:\/\/acelektrotechnik.de\/elektriker-kitzingen\/wp-json\/wp\/v2\/types\/page"}],"author":[{"embeddable":true,"href":"https:\/\/acelektrotechnik.de\/elektriker-kitzingen\/wp-json\/wp\/v2\/users\/2"}],"replies":[{"embeddable":true,"href":"https:\/\/acelektrotechnik.de\/elektriker-kitzingen\/wp-json\/wp\/v2\/comments?post=1372"}],"version-history":[{"count":10,"href":"https:\/\/acelektrotechnik.de\/elektriker-kitzingen\/wp-json\/wp\/v2\/pages\/1372\/revisions"}],"predecessor-version":[{"id":1763,"href":"https:\/\/acelektrotechnik.de\/elektriker-kitzingen\/wp-json\/wp\/v2\/pages\/1372\/revisions\/1763"}],"wp:attachment":[{"href":"https:\/\/acelektrotechnik.de\/elektriker-kitzingen\/wp-json\/wp\/v2\/media?parent=1372"}],"curies":[{"name":"wp","href":"https:\/\/api.w.org\/{rel}","templated":true}]}}